{"id":6905,"date":"2024-04-17T07:04:57","date_gmt":"2024-04-17T07:04:57","guid":{"rendered":"https:\/\/www.atricosmilano.com\/?post_type=product&#038;p=6905"},"modified":"2025-09-17T07:08:23","modified_gmt":"2025-09-17T07:08:23","slug":"filler-mask","status":"publish","type":"product","link":"https:\/\/www.atricosmilano.com\/es\/prodotto\/filler-mask\/","title":{"rendered":"FILLER MASK"},"content":{"rendered":"<p>[et_pb_section fb_built=\u00bb1&#8243; _builder_version=\u00bb4.16&#8243; custom_padding=\u00bb0px||||false|false\u00bb da_disable_devices=\u00bboff|off|off\u00bb global_colors_info=\u00bb{}\u00bb da_is_popup=\u00bboff\u00bb da_exit_intent=\u00bboff\u00bb da_has_close=\u00bbon\u00bb da_alt_close=\u00bboff\u00bb da_dark_close=\u00bboff\u00bb da_not_modal=\u00bbon\u00bb da_is_singular=\u00bboff\u00bb da_with_loader=\u00bboff\u00bb da_has_shadow=\u00bbon\u00bb][et_pb_row _builder_version=\u00bb4.16&#8243; background_size=\u00bbinitial\u00bb background_position=\u00bbtop_left\u00bb background_repeat=\u00bbrepeat\u00bb width=\u00bb100%\u00bb custom_padding=\u00bb0px||0px||false|false\u00bb global_colors_info=\u00bb{}\u00bb][et_pb_column type=\u00bb4_4&#8243; _builder_version=\u00bb4.16&#8243; custom_padding=\u00bb|||\u00bb global_colors_info=\u00bb{}\u00bb custom_padding__hover=\u00bb|||\u00bb][et_pb_wc_breadcrumb disabled_on=\u00bbon|on|on\u00bb _builder_version=\u00bb4.19.5&#8243; disabled=\u00bbon\u00bb global_colors_info=\u00bb{}\u00bb][\/et_pb_wc_breadcrumb][et_pb_wc_cart_notice _builder_version=\u00bb4.19.5&#8243; background_color=\u00bb#999999&#8243; global_colors_info=\u00bb{}\u00bb][\/et_pb_wc_cart_notice][\/et_pb_column][\/et_pb_row][et_pb_row column_structure=\u00bb1_2,1_2&#8243; _builder_version=\u00bb4.16&#8243; background_size=\u00bbinitial\u00bb background_position=\u00bbtop_left\u00bb background_repeat=\u00bbrepeat\u00bb width=\u00bb100%\u00bb custom_padding=\u00bb0px||||false|false\u00bb global_colors_info=\u00bb{}\u00bb][et_pb_column type=\u00bb1_2&#8243; _builder_version=\u00bb4.16&#8243; custom_padding=\u00bb|||\u00bb global_colors_info=\u00bb{}\u00bb custom_padding__hover=\u00bb|||\u00bb][et_pb_wc_images _builder_version=\u00bb4.16&#8243; global_colors_info=\u00bb{}\u00bb][\/et_pb_wc_images][\/et_pb_column][et_pb_column type=\u00bb1_2&#8243; _builder_version=\u00bb4.16&#8243; custom_padding=\u00bb|||\u00bb global_colors_info=\u00bb{}\u00bb custom_padding__hover=\u00bb|||\u00bb][et_pb_wc_title _builder_version=\u00bb4.19.5&#8243; custom_margin=\u00bb||||false|false\u00bb global_colors_info=\u00bb{}\u00bb][\/et_pb_wc_title][et_pb_wc_meta show_categories=\u00bboff\u00bb show_tags=\u00bboff\u00bb _builder_version=\u00bb4.19.5&#8243; global_colors_info=\u00bb{}\u00bb][\/et_pb_wc_meta][et_pb_wc_description description_type=\u00bbdescription\u00bb _builder_version=\u00bb4.19.5&#8243; _module_preset=\u00bbdefault\u00bb global_colors_info=\u00bb{}\u00bb][\/et_pb_wc_description][et_pb_wc_price disabled_on=\u00bbon|on|on\u00bb _builder_version=\u00bb4.19.5&#8243; body_text_color=\u00bb#000000&#8243; disabled=\u00bbon\u00bb global_colors_info=\u00bb{}\u00bb][\/et_pb_wc_price][et_pb_wc_add_to_cart _builder_version=\u00bb4.19.5&#8243; fields_text_color=\u00bb#000000&#8243; dropdown_menus_background_color=\u00bb#FFFFFF\u00bb dropdown_menus_custom_margin=\u00bb12px||||false|false\u00bb field_label_text_color=\u00bb#000000&#8243; field_label_font_size=\u00bb16px\u00bb dropdown_menus_font_size=\u00bb13px\u00bb custom_button=\u00bbon\u00bb button_text_color=\u00bb#E02B20&#8243; button_border_width=\u00bb1px\u00bb button_border_color=\u00bb#b3b3b3&#8243; custom_css_main_element=\u00bb \u00bb border_width_all_dropdown_menus=\u00bb1px\u00bb border_color_all_dropdown_menus=\u00bb#c9c9c9&#8243; box_shadow_style_dropdown_menus=\u00bbpreset6&#8243; box_shadow_style_button=\u00bbpreset6&#8243; global_colors_info=\u00bb{}\u00bb][\/et_pb_wc_add_to_cart][et_pb_wc_rating _builder_version=\u00bb4.19.5&#8243; rating_text_align=\u00bbleft\u00bb rating_text_color=\u00bb#E02B20&#8243; custom_margin=\u00bb3em|0em|1.618em|0em|false|false\u00bb global_colors_info=\u00bb{}\u00bb][\/et_pb_wc_rating][\/et_pb_column][\/et_pb_row][et_pb_row disabled_on=\u00bboff|off|off\u00bb _builder_version=\u00bb4.25.2&#8243; _module_preset=\u00bbdefault\u00bb width=\u00bb100%\u00bb custom_padding=\u00bb||20px||false|false\u00bb global_colors_info=\u00bb{}\u00bb][et_pb_column type=\u00bb4_4&#8243; _builder_version=\u00bb4.21.0&#8243; _module_preset=\u00bbdefault\u00bb global_colors_info=\u00bb{}\u00bb][et_pb_text _builder_version=\u00bb4.25.2&#8243; _module_preset=\u00bbdefault\u00bb global_colors_info=\u00bb{}\u00bb]<\/p>\n<h4>INGREDIENTES INCI\/CTFA:<\/h4>\n<p>Aqua [Water], Cetyl alcohol, Myristyl alcohol, Cetrimonium chloride, Behentrimonium chloride, Glycerin, Hydrolyzed silk, Plukenetia volubilis seed oil, Olea europaea fruit extract [Olea europaea (Olive) fruit extract], Phenoxyethanol, Steardimonium hydroxypropyl panthenyl PEG-7 dimethicone phosphate chloride, Parfum [Fragrance], Isopropyl alcohol, Propylene glycol, Quaternium-80, Dimethicone, Benzoic acid, Disodium EDTA, Hexamethylindanopyran, Dehydroacetic acid, Vanillin, Ethylhexylglycerin, Tetramethyl acetyloctahydronaphthalenes, Citric acid, Lysine, Pentylene glycol, Sodium hyaluronate crosspolymer, Sodium chloride, Tocopherol, Hydroxyacetophenone, Adenosine phosphate, Cytidine, Disodium uridine phosphate, Hydrolyzed corn starch.<\/p>\n<p>[\/et_pb_text][et_pb_text _builder_version=\u00bb4.25.2&#8243; _module_preset=\u00bbdefault\u00bb locked=\u00bboff\u00bb global_colors_info=\u00bb{}\u00bb]<\/p>\n<p><em>La lista de ingredientes est\u00e1 sujeta a cambios, por lo que animamos al consumidor a consultar el envase del producto para obtener la lista de ingredientes m\u00e1s actualizada.<\/em><\/p>\n<p>[\/et_pb_text][\/et_pb_column][\/et_pb_row][et_pb_row _builder_version=\u00bb4.16&#8243; background_size=\u00bbinitial\u00bb background_position=\u00bbtop_left\u00bb background_repeat=\u00bbrepeat\u00bb width=\u00bb100%\u00bb global_colors_info=\u00bb{}\u00bb][et_pb_column type=\u00bb4_4&#8243; _builder_version=\u00bb4.16&#8243; custom_padding=\u00bb|||\u00bb global_colors_info=\u00bb{}\u00bb custom_padding__hover=\u00bb|||\u00bb][et_pb_wc_tabs include_tabs=\u00bb|reviews\u00bb _builder_version=\u00bb4.19.5&#8243; global_colors_info=\u00bb{}\u00bb] [\/et_pb_wc_tabs][et_pb_wc_upsells _builder_version=\u00bb4.16&#8243; global_colors_info=\u00bb{}\u00bb][\/et_pb_wc_upsells][et_pb_wc_related_products posts_number=\u00bb8&#8243; columns_number=\u00bb4&#8243; orderby=\u00bbmenu_order\u00bb include_categories=\u00bb209&#8243; icon_hover_color=\u00bbRGBA(255,255,255,0)\u00bb hover_overlay_color=\u00bbRGBA(255,255,255,0)\u00bb show_price=\u00bboff\u00bb _builder_version=\u00bb4.21.0&#8243; product_title_font_size=\u00bb1em\u00bb text_orientation=\u00bbcenter\u00bb global_colors_info=\u00bb{}\u00bb][\/et_pb_wc_related_products][\/et_pb_column][\/et_pb_row][\/et_pb_section]<\/p>\n","protected":false},"excerpt":{"rendered":"<p>PASO4 &#8211; Mascarilla capilar voluminizadora de origen vegetal<\/p>\n<div class='heateor_sss_sharing_container heateor_sss_vertical_sharing heateor_sss_bottom_sharing' style='width:44px;left: -10px;top: 150px;-webkit-box-shadow:none;box-shadow:none;' data-heateor-sss-href='https:\/\/www.atricosmilano.com\/es\/wp-json\/wp\/v2\/product\/6905'><div class=\"heateor_sss_sharing_ul\"><a aria-label=\"Facebook\" class=\"heateor_sss_facebook\" href=\"https:\/\/www.facebook.com\/sharer\/sharer.php?u=https%3A%2F%2Fwww.atricosmilano.com%2Fes%2Fwp-json%2Fwp%2Fv2%2Fproduct%2F6905\" title=\"Facebook\" rel=\"nofollow noopener\" target=\"_blank\" style=\"font-size:32px!important;box-shadow:none;display:inline-block;vertical-align:middle\"><span class=\"heateor_sss_svg\" style=\"background-color:#0765FE;width:40px;height:40px;margin:0;display:inline-block;opacity:1;float:left;font-size:32px;box-shadow:none;display:inline-block;font-size:16px;padding:0 4px;vertical-align:middle;background-repeat:repeat;overflow:hidden;padding:0;cursor:pointer;box-sizing:content-box\"><svg style=\"display:block;\" focusable=\"false\" aria-hidden=\"true\" xmlns=\"http:\/\/www.w3.org\/2000\/svg\" width=\"100%\" height=\"100%\" viewBox=\"0 0 32 32\"><path fill=\"#fff\" d=\"M28 16c0-6.627-5.373-12-12-12S4 9.373 4 16c0 5.628 3.875 10.35 9.101 11.647v-7.98h-2.474V16H13.1v-1.58c0-4.085 1.849-5.978 5.859-5.978.76 0 2.072.15 2.608.298v3.325c-.283-.03-.775-.045-1.386-.045-1.967 0-2.728.745-2.728 2.683V16h3.92l-.673 3.667h-3.247v8.245C23.395 27.195 28 22.135 28 16Z\"><\/path><\/svg><\/span><\/a><a aria-label=\"Linkedin\" class=\"heateor_sss_button_linkedin\" href=\"https:\/\/www.linkedin.com\/sharing\/share-offsite\/?url=https%3A%2F%2Fwww.atricosmilano.com%2Fes%2Fwp-json%2Fwp%2Fv2%2Fproduct%2F6905\" title=\"Linkedin\" rel=\"nofollow noopener\" target=\"_blank\" style=\"font-size:32px!important;box-shadow:none;display:inline-block;vertical-align:middle\"><span class=\"heateor_sss_svg heateor_sss_s__default heateor_sss_s_linkedin\" style=\"background-color:#0077b5;width:40px;height:40px;margin:0;display:inline-block;opacity:1;float:left;font-size:32px;box-shadow:none;display:inline-block;font-size:16px;padding:0 4px;vertical-align:middle;background-repeat:repeat;overflow:hidden;padding:0;cursor:pointer;box-sizing:content-box\"><svg style=\"display:block;\" focusable=\"false\" aria-hidden=\"true\" xmlns=\"http:\/\/www.w3.org\/2000\/svg\" width=\"100%\" height=\"100%\" viewBox=\"0 0 32 32\"><path d=\"M6.227 12.61h4.19v13.48h-4.19V12.61zm2.095-6.7a2.43 2.43 0 0 1 0 4.86c-1.344 0-2.428-1.09-2.428-2.43s1.084-2.43 2.428-2.43m4.72 6.7h4.02v1.84h.058c.56-1.058 1.927-2.176 3.965-2.176 4.238 0 5.02 2.792 5.02 6.42v7.395h-4.183v-6.56c0-1.564-.03-3.574-2.178-3.574-2.18 0-2.514 1.7-2.514 3.46v6.668h-4.187V12.61z\" fill=\"#fff\"><\/path><\/svg><\/span><\/a><a aria-label=\"Whatsapp\" class=\"heateor_sss_whatsapp\" href=\"https:\/\/api.whatsapp.com\/send?text=Atricos%20Milano%20%E2%9D%A4%EF%B8%8F%20Prodotti%20per%20capelli%20professionali%20-%20Prodotti%20per%20capelli%20professionali%20https%3A%2F%2Fwww.atricosmilano.com%2Fes%2Fwp-json%2Fwp%2Fv2%2Fproduct%2F6905\" title=\"Whatsapp\" rel=\"nofollow noopener\" target=\"_blank\" style=\"font-size:32px!important;box-shadow:none;display:inline-block;vertical-align:middle\"><span class=\"heateor_sss_svg\" style=\"background-color:#55eb4c;width:40px;height:40px;margin:0;display:inline-block;opacity:1;float:left;font-size:32px;box-shadow:none;display:inline-block;font-size:16px;padding:0 4px;vertical-align:middle;background-repeat:repeat;overflow:hidden;padding:0;cursor:pointer;box-sizing:content-box\"><svg style=\"display:block;\" focusable=\"false\" aria-hidden=\"true\" xmlns=\"http:\/\/www.w3.org\/2000\/svg\" width=\"100%\" height=\"100%\" viewBox=\"-6 -5 40 40\"><path class=\"heateor_sss_svg_stroke heateor_sss_no_fill\" stroke=\"#fff\" stroke-width=\"2\" fill=\"none\" d=\"M 11.579798566743314 24.396926207859085 A 10 10 0 1 0 6.808479557110079 20.73576436351046\"><\/path><path d=\"M 7 19 l -1 6 l 6 -1\" class=\"heateor_sss_no_fill heateor_sss_svg_stroke\" stroke=\"#fff\" stroke-width=\"2\" fill=\"none\"><\/path><path d=\"M 10 10 q -1 8 8 11 c 5 -1 0 -6 -1 -3 q -4 -3 -5 -5 c 4 -2 -1 -5 -1 -4\" fill=\"#fff\"><\/path><\/svg><\/span><\/a><a aria-label=\"Instagram\" class=\"heateor_sss_button_instagram\" href=\"https:\/\/www.instagram.com\/\" title=\"Instagram\" rel=\"nofollow noopener\" target=\"_blank\" style=\"font-size:32px!important;box-shadow:none;display:inline-block;vertical-align:middle\"><span class=\"heateor_sss_svg\" style=\"background-color:#53beee;width:40px;height:40px;margin:0;display:inline-block;opacity:1;float:left;font-size:32px;box-shadow:none;display:inline-block;font-size:16px;padding:0 4px;vertical-align:middle;background-repeat:repeat;overflow:hidden;padding:0;cursor:pointer;box-sizing:content-box\"><svg style=\"display:block;\" version=\"1.1\" viewBox=\"-10 -10 148 148\" width=\"100%\" height=\"100%\" xml:space=\"preserve\" xmlns=\"http:\/\/www.w3.org\/2000\/svg\" xmlns:xlink=\"http:\/\/www.w3.org\/1999\/xlink\"><g><g><path d=\"M86,112H42c-14.336,0-26-11.663-26-26V42c0-14.337,11.664-26,26-26h44c14.337,0,26,11.663,26,26v44 C112,100.337,100.337,112,86,112z M42,24c-9.925,0-18,8.074-18,18v44c0,9.925,8.075,18,18,18h44c9.926,0,18-8.075,18-18V42 c0-9.926-8.074-18-18-18H42z\" fill=\"#fff\"><\/path><\/g><g><path d=\"M64,88c-13.234,0-24-10.767-24-24c0-13.234,10.766-24,24-24s24,10.766,24,24C88,77.233,77.234,88,64,88z M64,48c-8.822,0-16,7.178-16,16s7.178,16,16,16c8.822,0,16-7.178,16-16S72.822,48,64,48z\" fill=\"#fff\"><\/path><\/g><g><circle cx=\"89.5\" cy=\"38.5\" fill=\"#fff\" r=\"5.5\"><\/circle><\/g><\/g><\/svg><\/span><\/a><\/div><div class=\"heateorSssClear\"><\/div><\/div>","protected":false},"featured_media":9435,"comment_status":"open","ping_status":"closed","template":"","meta":{"_et_pb_use_builder":"on","_et_pb_old_content":"<p>Mascarilla capilar voluminizadora de origen vegetal. Rica crema con \u00c1cido Hialur\u00f3nico Reticulado de origen biotecnol\u00f3gico, restablece el tratamiento de reconstrucci\u00f3n realizado en el sal\u00f3n permitiendo un mantenimiento eficaz. Su sistema est\u00e1 compuesto por una jaula de \u00e1cido hialur\u00f3nico que contiene los principios activos, como el Aceite de Inca y el Jugo de Oliva, protegi\u00e9ndolos de los agentes externos y permitiendo una liberaci\u00f3n gradual de sus propiedades nutritivas, reafirmantes y elastificant.<\/p>\r\n<h3>COMO USAR<\/h3>\r\n<p>Aplicar el producto en cantidades dependiendo del cabello, peinar el cabello para desenredar y distribuir el producto uniformemente. Dejar actuar 5 minutos. Enjuague bien. ADVERTENCIAS: producto aclarable para uso externo \u00fanicamente. En caso de contacto con los ojos, enjuagar abundantemente. No utilice nada m\u00e1s que lo indicado. Mantener fuera del alcance de los ni\u00f1os.<\/p>\r\n<h3>RESULTADO<\/h3>\r\n<p>Aplicar la mascarilla en cantidad seg\u00fan del cabello, peinar para desenredar y distribuir el producto uniformemente. Dejar actuar 5 minutos. Enjuagar bien.<\/p>","_et_gb_content_width":""},"product_brand":[],"product_cat":[168,181,160,211,147],"product_tag":[],"class_list":{"0":"post-6905","1":"product","2":"type-product","3":"status-publish","4":"has-post-thumbnail","6":"product_cat-cabello-fino-quebradizo","7":"product_cat-cabello-opaco","8":"product_cat-cabello-seco-danado","9":"product_cat-prodigious-es","10":"product_cat-tratamiento","12":"first","13":"instock","14":"featured","15":"shipping-taxable","16":"purchasable","17":"product-type-variable"},"yoast_head":"<!-- This site is optimized with the Yoast SEO plugin v27.3 - https:\/\/yoast.com\/product\/yoast-seo-wordpress\/ -->\n<title>FILLER MASK - Atricos Milano \u2764\ufe0f Prodotti per capelli professionali<\/title>\n<meta name=\"description\" content=\"mascarilla capilar voluminizadora de origen vegetal\" \/>\n<meta name=\"robots\" content=\"index, follow, max-snippet:-1, max-image-preview:large, max-video-preview:-1\" \/>\n<link rel=\"canonical\" href=\"https:\/\/www.atricosmilano.com\/es\/prodotto\/filler-mask\/\" \/>\n<meta property=\"og:locale\" content=\"es_ES\" \/>\n<meta property=\"og:type\" content=\"article\" \/>\n<meta property=\"og:title\" content=\"FILLER MASK - Atricos Milano \u2764\ufe0f Prodotti per capelli professionali\" \/>\n<meta property=\"og:description\" content=\"mascarilla capilar voluminizadora de origen vegetal\" \/>\n<meta property=\"og:url\" content=\"https:\/\/www.atricosmilano.com\/es\/prodotto\/filler-mask\/\" \/>\n<meta property=\"og:site_name\" content=\"Atricos Milano \u2764\ufe0f Prodotti per capelli professionali\" \/>\n<meta property=\"article:modified_time\" content=\"2025-09-17T07:08:23+00:00\" \/>\n<meta property=\"og:image\" content=\"https:\/\/www.atricosmilano.com\/wp-content\/uploads\/2024\/08\/PRODIGIOUS_filler-mask-250ml.webp\" \/>\n\t<meta property=\"og:image:width\" content=\"900\" \/>\n\t<meta property=\"og:image:height\" content=\"900\" \/>\n\t<meta property=\"og:image:type\" content=\"image\/webp\" \/>\n<meta name=\"twitter:card\" content=\"summary_large_image\" \/>\n<meta name=\"twitter:label1\" content=\"Tiempo de lectura\" \/>\n\t<meta name=\"twitter:data1\" content=\"4 minutos\" \/>\n<script type=\"application\/ld+json\" class=\"yoast-schema-graph\">{\"@context\":\"https:\\\/\\\/schema.org\",\"@graph\":[{\"@type\":\"WebPage\",\"@id\":\"https:\\\/\\\/www.atricosmilano.com\\\/es\\\/prodotto\\\/filler-mask\\\/\",\"url\":\"https:\\\/\\\/www.atricosmilano.com\\\/es\\\/prodotto\\\/filler-mask\\\/\",\"name\":\"FILLER MASK - Atricos Milano \u2764\ufe0f Prodotti per capelli professionali\",\"isPartOf\":{\"@id\":\"https:\\\/\\\/www.atricosmilano.com\\\/es\\\/#website\"},\"primaryImageOfPage\":{\"@id\":\"https:\\\/\\\/www.atricosmilano.com\\\/es\\\/prodotto\\\/filler-mask\\\/#primaryimage\"},\"image\":{\"@id\":\"https:\\\/\\\/www.atricosmilano.com\\\/es\\\/prodotto\\\/filler-mask\\\/#primaryimage\"},\"thumbnailUrl\":\"https:\\\/\\\/www.atricosmilano.com\\\/wp-content\\\/uploads\\\/2024\\\/08\\\/PRODIGIOUS_filler-mask-250ml.webp\",\"datePublished\":\"2024-04-17T07:04:57+00:00\",\"dateModified\":\"2025-09-17T07:08:23+00:00\",\"description\":\"mascarilla capilar voluminizadora de origen vegetal\",\"breadcrumb\":{\"@id\":\"https:\\\/\\\/www.atricosmilano.com\\\/es\\\/prodotto\\\/filler-mask\\\/#breadcrumb\"},\"inLanguage\":\"es\",\"potentialAction\":[{\"@type\":\"ReadAction\",\"target\":[\"https:\\\/\\\/www.atricosmilano.com\\\/es\\\/prodotto\\\/filler-mask\\\/\"]}]},{\"@type\":\"ImageObject\",\"inLanguage\":\"es\",\"@id\":\"https:\\\/\\\/www.atricosmilano.com\\\/es\\\/prodotto\\\/filler-mask\\\/#primaryimage\",\"url\":\"https:\\\/\\\/www.atricosmilano.com\\\/wp-content\\\/uploads\\\/2024\\\/08\\\/PRODIGIOUS_filler-mask-250ml.webp\",\"contentUrl\":\"https:\\\/\\\/www.atricosmilano.com\\\/wp-content\\\/uploads\\\/2024\\\/08\\\/PRODIGIOUS_filler-mask-250ml.webp\",\"width\":900,\"height\":900,\"caption\":\"4 ATRICOS Prodigious Filler Mask\"},{\"@type\":\"BreadcrumbList\",\"@id\":\"https:\\\/\\\/www.atricosmilano.com\\\/es\\\/prodotto\\\/filler-mask\\\/#breadcrumb\",\"itemListElement\":[{\"@type\":\"ListItem\",\"position\":1,\"name\":\"Home\",\"item\":\"https:\\\/\\\/www.atricosmilano.com\\\/es\\\/\"},{\"@type\":\"ListItem\",\"position\":2,\"name\":\"Tienda\",\"item\":\"https:\\\/\\\/www.atricosmilano.com\\\/es\\\/tienda\\\/\"},{\"@type\":\"ListItem\",\"position\":3,\"name\":\"FILLER MASK\"}]},{\"@type\":\"WebSite\",\"@id\":\"https:\\\/\\\/www.atricosmilano.com\\\/es\\\/#website\",\"url\":\"https:\\\/\\\/www.atricosmilano.com\\\/es\\\/\",\"name\":\"Atricos Milano \u2764\ufe0f Prodotti per capelli professionali\",\"description\":\"Prodotti per capelli professionali\",\"publisher\":{\"@id\":\"https:\\\/\\\/www.atricosmilano.com\\\/es\\\/#organization\"},\"potentialAction\":[{\"@type\":\"SearchAction\",\"target\":{\"@type\":\"EntryPoint\",\"urlTemplate\":\"https:\\\/\\\/www.atricosmilano.com\\\/es\\\/?s={search_term_string}\"},\"query-input\":{\"@type\":\"PropertyValueSpecification\",\"valueRequired\":true,\"valueName\":\"search_term_string\"}}],\"inLanguage\":\"es\"},{\"@type\":\"Organization\",\"@id\":\"https:\\\/\\\/www.atricosmilano.com\\\/es\\\/#organization\",\"name\":\"Atricos Milano \u2764\ufe0f Fabbrica prodotti per parrucchieri, tinture, shampoo, decoloranti, gel, balsami, lozioni\",\"url\":\"https:\\\/\\\/www.atricosmilano.com\\\/es\\\/\",\"logo\":{\"@type\":\"ImageObject\",\"inLanguage\":\"es\",\"@id\":\"https:\\\/\\\/www.atricosmilano.com\\\/es\\\/#\\\/schema\\\/logo\\\/image\\\/\",\"url\":\"https:\\\/\\\/www.atricosmilano.com\\\/wp-content\\\/uploads\\\/2023\\\/02\\\/logo.webp\",\"contentUrl\":\"https:\\\/\\\/www.atricosmilano.com\\\/wp-content\\\/uploads\\\/2023\\\/02\\\/logo.webp\",\"width\":433,\"height\":100,\"caption\":\"Atricos Milano \u2764\ufe0f Fabbrica prodotti per parrucchieri, tinture, shampoo, decoloranti, gel, balsami, lozioni\"},\"image\":{\"@id\":\"https:\\\/\\\/www.atricosmilano.com\\\/es\\\/#\\\/schema\\\/logo\\\/image\\\/\"}}]}<\/script>\n<!-- \/ Yoast SEO plugin. -->","yoast_head_json":{"title":"FILLER MASK - Atricos Milano \u2764\ufe0f Prodotti per capelli professionali","description":"mascarilla capilar voluminizadora de origen vegetal","robots":{"index":"index","follow":"follow","max-snippet":"max-snippet:-1","max-image-preview":"max-image-preview:large","max-video-preview":"max-video-preview:-1"},"canonical":"https:\/\/www.atricosmilano.com\/es\/prodotto\/filler-mask\/","og_locale":"es_ES","og_type":"article","og_title":"FILLER MASK - Atricos Milano \u2764\ufe0f Prodotti per capelli professionali","og_description":"mascarilla capilar voluminizadora de origen vegetal","og_url":"https:\/\/www.atricosmilano.com\/es\/prodotto\/filler-mask\/","og_site_name":"Atricos Milano \u2764\ufe0f Prodotti per capelli professionali","article_modified_time":"2025-09-17T07:08:23+00:00","og_image":[{"width":900,"height":900,"url":"https:\/\/www.atricosmilano.com\/wp-content\/uploads\/2024\/08\/PRODIGIOUS_filler-mask-250ml.webp","type":"image\/webp"}],"twitter_card":"summary_large_image","twitter_misc":{"Tiempo de lectura":"4 minutos"},"schema":{"@context":"https:\/\/schema.org","@graph":[{"@type":"WebPage","@id":"https:\/\/www.atricosmilano.com\/es\/prodotto\/filler-mask\/","url":"https:\/\/www.atricosmilano.com\/es\/prodotto\/filler-mask\/","name":"FILLER MASK - Atricos Milano \u2764\ufe0f Prodotti per capelli professionali","isPartOf":{"@id":"https:\/\/www.atricosmilano.com\/es\/#website"},"primaryImageOfPage":{"@id":"https:\/\/www.atricosmilano.com\/es\/prodotto\/filler-mask\/#primaryimage"},"image":{"@id":"https:\/\/www.atricosmilano.com\/es\/prodotto\/filler-mask\/#primaryimage"},"thumbnailUrl":"https:\/\/www.atricosmilano.com\/wp-content\/uploads\/2024\/08\/PRODIGIOUS_filler-mask-250ml.webp","datePublished":"2024-04-17T07:04:57+00:00","dateModified":"2025-09-17T07:08:23+00:00","description":"mascarilla capilar voluminizadora de origen vegetal","breadcrumb":{"@id":"https:\/\/www.atricosmilano.com\/es\/prodotto\/filler-mask\/#breadcrumb"},"inLanguage":"es","potentialAction":[{"@type":"ReadAction","target":["https:\/\/www.atricosmilano.com\/es\/prodotto\/filler-mask\/"]}]},{"@type":"ImageObject","inLanguage":"es","@id":"https:\/\/www.atricosmilano.com\/es\/prodotto\/filler-mask\/#primaryimage","url":"https:\/\/www.atricosmilano.com\/wp-content\/uploads\/2024\/08\/PRODIGIOUS_filler-mask-250ml.webp","contentUrl":"https:\/\/www.atricosmilano.com\/wp-content\/uploads\/2024\/08\/PRODIGIOUS_filler-mask-250ml.webp","width":900,"height":900,"caption":"4 ATRICOS Prodigious Filler Mask"},{"@type":"BreadcrumbList","@id":"https:\/\/www.atricosmilano.com\/es\/prodotto\/filler-mask\/#breadcrumb","itemListElement":[{"@type":"ListItem","position":1,"name":"Home","item":"https:\/\/www.atricosmilano.com\/es\/"},{"@type":"ListItem","position":2,"name":"Tienda","item":"https:\/\/www.atricosmilano.com\/es\/tienda\/"},{"@type":"ListItem","position":3,"name":"FILLER MASK"}]},{"@type":"WebSite","@id":"https:\/\/www.atricosmilano.com\/es\/#website","url":"https:\/\/www.atricosmilano.com\/es\/","name":"Atricos Milano \u2764\ufe0f Prodotti per capelli professionali","description":"Prodotti per capelli professionali","publisher":{"@id":"https:\/\/www.atricosmilano.com\/es\/#organization"},"potentialAction":[{"@type":"SearchAction","target":{"@type":"EntryPoint","urlTemplate":"https:\/\/www.atricosmilano.com\/es\/?s={search_term_string}"},"query-input":{"@type":"PropertyValueSpecification","valueRequired":true,"valueName":"search_term_string"}}],"inLanguage":"es"},{"@type":"Organization","@id":"https:\/\/www.atricosmilano.com\/es\/#organization","name":"Atricos Milano \u2764\ufe0f Fabbrica prodotti per parrucchieri, tinture, shampoo, decoloranti, gel, balsami, lozioni","url":"https:\/\/www.atricosmilano.com\/es\/","logo":{"@type":"ImageObject","inLanguage":"es","@id":"https:\/\/www.atricosmilano.com\/es\/#\/schema\/logo\/image\/","url":"https:\/\/www.atricosmilano.com\/wp-content\/uploads\/2023\/02\/logo.webp","contentUrl":"https:\/\/www.atricosmilano.com\/wp-content\/uploads\/2023\/02\/logo.webp","width":433,"height":100,"caption":"Atricos Milano \u2764\ufe0f Fabbrica prodotti per parrucchieri, tinture, shampoo, decoloranti, gel, balsami, lozioni"},"image":{"@id":"https:\/\/www.atricosmilano.com\/es\/#\/schema\/logo\/image\/"}}]}},"_links":{"self":[{"href":"https:\/\/www.atricosmilano.com\/es\/wp-json\/wp\/v2\/product\/6905","targetHints":{"allow":["GET"]}}],"collection":[{"href":"https:\/\/www.atricosmilano.com\/es\/wp-json\/wp\/v2\/product"}],"about":[{"href":"https:\/\/www.atricosmilano.com\/es\/wp-json\/wp\/v2\/types\/product"}],"replies":[{"embeddable":true,"href":"https:\/\/www.atricosmilano.com\/es\/wp-json\/wp\/v2\/comments?post=6905"}],"wp:featuredmedia":[{"embeddable":true,"href":"https:\/\/www.atricosmilano.com\/es\/wp-json\/wp\/v2\/media\/9435"}],"wp:attachment":[{"href":"https:\/\/www.atricosmilano.com\/es\/wp-json\/wp\/v2\/media?parent=6905"}],"wp:term":[{"taxonomy":"product_brand","embeddable":true,"href":"https:\/\/www.atricosmilano.com\/es\/wp-json\/wp\/v2\/product_brand?post=6905"},{"taxonomy":"product_cat","embeddable":true,"href":"https:\/\/www.atricosmilano.com\/es\/wp-json\/wp\/v2\/product_cat?post=6905"},{"taxonomy":"product_tag","embeddable":true,"href":"https:\/\/www.atricosmilano.com\/es\/wp-json\/wp\/v2\/product_tag?post=6905"}],"curies":[{"name":"wp","href":"https:\/\/api.w.org\/{rel}","templated":true}]}}