{"id":12642,"date":"2025-06-03T11:24:56","date_gmt":"2025-06-03T11:24:56","guid":{"rendered":"https:\/\/www.atricosmilano.com\/?post_type=product&#038;p=12642"},"modified":"2025-08-06T10:48:50","modified_gmt":"2025-08-06T10:48:50","slug":"stylish-hair-colors-copia-copia","status":"publish","type":"product","link":"https:\/\/www.atricosmilano.com\/en\/prodotto\/stylish-hair-colors-copia-copia\/","title":{"rendered":"Direct Color Yummy Cream"},"content":{"rendered":"<p>[et_pb_section fb_built=&#8221;1&#8243; _builder_version=&#8221;4.16&#8243; custom_padding=&#8221;0px||||false|false&#8221; da_disable_devices=&#8221;off|off|off&#8221; global_colors_info=&#8221;{}&#8221; da_is_popup=&#8221;off&#8221; da_exit_intent=&#8221;off&#8221; da_has_close=&#8221;on&#8221; da_alt_close=&#8221;off&#8221; da_dark_close=&#8221;off&#8221; da_not_modal=&#8221;on&#8221; da_is_singular=&#8221;off&#8221; da_with_loader=&#8221;off&#8221; da_has_shadow=&#8221;on&#8221;][et_pb_row _builder_version=&#8221;4.16&#8243; background_size=&#8221;initial&#8221; background_position=&#8221;top_left&#8221; background_repeat=&#8221;repeat&#8221; width=&#8221;100%&#8221; custom_padding=&#8221;0px||0px||false|false&#8221; global_colors_info=&#8221;{}&#8221;][et_pb_column type=&#8221;4_4&#8243; _builder_version=&#8221;4.16&#8243; custom_padding=&#8221;|||&#8221; global_colors_info=&#8221;{}&#8221; custom_padding__hover=&#8221;|||&#8221;][et_pb_wc_breadcrumb disabled_on=&#8221;on|on|on&#8221; _builder_version=&#8221;4.19.5&#8243; disabled=&#8221;on&#8221; global_colors_info=&#8221;{}&#8221;][\/et_pb_wc_breadcrumb][et_pb_wc_cart_notice _builder_version=&#8221;4.19.5&#8243; background_color=&#8221;#999999&#8243; global_colors_info=&#8221;{}&#8221;][\/et_pb_wc_cart_notice][\/et_pb_column][\/et_pb_row][et_pb_row column_structure=&#8221;1_2,1_2&#8243; _builder_version=&#8221;4.16&#8243; background_size=&#8221;initial&#8221; background_position=&#8221;top_left&#8221; background_repeat=&#8221;repeat&#8221; width=&#8221;100%&#8221; custom_padding=&#8221;0px||||false|false&#8221; global_colors_info=&#8221;{}&#8221;][et_pb_column type=&#8221;1_2&#8243; _builder_version=&#8221;4.16&#8243; custom_padding=&#8221;|||&#8221; global_colors_info=&#8221;{}&#8221; custom_padding__hover=&#8221;|||&#8221;][et_pb_wc_images _builder_version=&#8221;4.16&#8243; global_colors_info=&#8221;{}&#8221;][\/et_pb_wc_images][et_pb_button button_url=&#8221;https:\/\/www.atricosmilano.com\/wp-content\/uploads\/2025\/06\/ATRICOS_AT219_DELIGHTS_INVITING_DIRECT_COLORS_CATALOGUE_A4_EN.pdf&#8221; url_new_window=&#8221;on&#8221; button_text=&#8221;COLOR CATALOGUE&#8221; button_alignment=&#8221;center&#8221; _builder_version=&#8221;4.25.2&#8243; _module_preset=&#8221;default&#8221; custom_button=&#8221;on&#8221; button_text_size=&#8221;18px&#8221; button_text_color=&#8221;#FFFFFF&#8221; button_bg_color=&#8221;#7c6a4d&#8221; button_bg_use_color_gradient=&#8221;on&#8221; button_bg_color_gradient_type=&#8221;circular&#8221; button_bg_color_gradient_stops=&#8221;#8c8c8c 0%|#544f49 98%&#8221; button_border_color=&#8221;#FFFFFF&#8221; button_border_radius=&#8221;0px&#8221; button_icon=&#8221;&#xe092;||divi||400&#8243; custom_margin=&#8221;10px||||false|false&#8221; custom_padding=&#8221;|35px||35px|false|false&#8221; box_shadow_style=&#8221;preset3&#8243; locked=&#8221;off&#8221; global_colors_info=&#8221;{}&#8221;][\/et_pb_button][\/et_pb_column][et_pb_column type=&#8221;1_2&#8243; _builder_version=&#8221;4.16&#8243; custom_padding=&#8221;|||&#8221; global_colors_info=&#8221;{}&#8221; custom_padding__hover=&#8221;|||&#8221;][et_pb_wc_title _builder_version=&#8221;4.19.5&#8243; custom_margin=&#8221;20px||||false|false&#8221; global_colors_info=&#8221;{}&#8221;][\/et_pb_wc_title][et_pb_wc_meta show_categories=&#8221;off&#8221; show_tags=&#8221;off&#8221; disabled_on=&#8221;on|on|on&#8221; _builder_version=&#8221;4.19.5&#8243; disabled=&#8221;on&#8221; global_colors_info=&#8221;{}&#8221;][\/et_pb_wc_meta][et_pb_wc_description _builder_version=&#8221;4.19.5&#8243; global_colors_info=&#8221;{}&#8221;][\/et_pb_wc_description][et_pb_wc_price _builder_version=&#8221;4.19.5&#8243; _module_preset=&#8221;default&#8221; body_text_color=&#8221;#000000&#8243; global_colors_info=&#8221;{}&#8221;][\/et_pb_wc_price][et_pb_wc_add_to_cart _builder_version=&#8221;4.19.5&#8243; fields_custom_margin=&#8221;||||true|true&#8221; dropdown_menus_background_color=&#8221;#FFFFFF&#8221; dropdown_menus_custom_margin=&#8221;12px||||false|false&#8221; field_label_text_align=&#8221;left&#8221; field_label_line_height=&#8221;1em&#8221; dropdown_menus_font_size=&#8221;13px&#8221; custom_button=&#8221;on&#8221; button_text_color=&#8221;#E02B20&#8243; button_border_width=&#8221;1px&#8221; button_border_color=&#8221;#B3B3B3&#8243; border_color_all=&#8221;#c6c6c6&#8243; border_width_all_dropdown_menus=&#8221;1px&#8221; border_color_all_dropdown_menus=&#8221;#c9c9c9&#8243; box_shadow_style_dropdown_menus=&#8221;preset6&#8243; box_shadow_blur_dropdown_menus=&#8221;4px&#8221; box_shadow_style_button=&#8221;preset6&#8243; global_colors_info=&#8221;{}&#8221;][\/et_pb_wc_add_to_cart][et_pb_wc_rating _builder_version=&#8221;4.19.5&#8243; rating_text_color=&#8221;#E02B20&#8243; global_colors_info=&#8221;{}&#8221;][\/et_pb_wc_rating][\/et_pb_column][\/et_pb_row][et_pb_row _builder_version=&#8221;4.16&#8243; background_size=&#8221;initial&#8221; background_position=&#8221;top_left&#8221; background_repeat=&#8221;repeat&#8221; width=&#8221;100%&#8221; global_colors_info=&#8221;{}&#8221;][et_pb_column type=&#8221;4_4&#8243; _builder_version=&#8221;4.16&#8243; custom_padding=&#8221;|||&#8221; global_colors_info=&#8221;{}&#8221; custom_padding__hover=&#8221;|||&#8221;][et_pb_wc_tabs _builder_version=&#8221;4.25.2&#8243; global_colors_info=&#8221;{}&#8221;] [\/et_pb_wc_tabs][et_pb_wc_upsells _builder_version=&#8221;4.16&#8243; global_colors_info=&#8221;{}&#8221;][\/et_pb_wc_upsells][et_pb_wc_related_products posts_number=&#8221;8&#8243; columns_number=&#8221;4&#8243; orderby=&#8221;menu_order&#8221; include_categories=&#8221;228&#8243; icon_hover_color=&#8221;RGBA(255,255,255,0)&#8221; hover_overlay_color=&#8221;RGBA(255,255,255,0)&#8221; show_price=&#8221;off&#8221; _builder_version=&#8221;4.25.2&#8243; product_title_font_size=&#8221;1em&#8221; text_orientation=&#8221;center&#8221; global_colors_info=&#8221;{}&#8221;][\/et_pb_wc_related_products][\/et_pb_column][\/et_pb_row][\/et_pb_section]<\/p>\n","protected":false},"excerpt":{"rendered":"<p>Yummy Cream is a white cream formulated to mix pigments and create custom shades. Ideal for hairstylists, it allows you to obtain versatile and bright colors with professional results. Perfect for creative lightening and unique color combinations.<\/p>\n<div class='heateor_sss_sharing_container heateor_sss_vertical_sharing heateor_sss_bottom_sharing' style='width:44px;left: -10px;top: 150px;-webkit-box-shadow:none;box-shadow:none;' data-heateor-sss-href='https:\/\/www.atricosmilano.com\/en\/wp-json\/wp\/v2\/product\/12642'><div class=\"heateor_sss_sharing_ul\"><a aria-label=\"Facebook\" class=\"heateor_sss_facebook\" href=\"https:\/\/www.facebook.com\/sharer\/sharer.php?u=https%3A%2F%2Fwww.atricosmilano.com%2Fen%2Fwp-json%2Fwp%2Fv2%2Fproduct%2F12642\" title=\"Facebook\" rel=\"nofollow noopener\" target=\"_blank\" style=\"font-size:32px!important;box-shadow:none;display:inline-block;vertical-align:middle\"><span class=\"heateor_sss_svg\" style=\"background-color:#0765FE;width:40px;height:40px;margin:0;display:inline-block;opacity:1;float:left;font-size:32px;box-shadow:none;display:inline-block;font-size:16px;padding:0 4px;vertical-align:middle;background-repeat:repeat;overflow:hidden;padding:0;cursor:pointer;box-sizing:content-box\"><svg style=\"display:block;\" focusable=\"false\" aria-hidden=\"true\" xmlns=\"http:\/\/www.w3.org\/2000\/svg\" width=\"100%\" height=\"100%\" viewBox=\"0 0 32 32\"><path fill=\"#fff\" d=\"M28 16c0-6.627-5.373-12-12-12S4 9.373 4 16c0 5.628 3.875 10.35 9.101 11.647v-7.98h-2.474V16H13.1v-1.58c0-4.085 1.849-5.978 5.859-5.978.76 0 2.072.15 2.608.298v3.325c-.283-.03-.775-.045-1.386-.045-1.967 0-2.728.745-2.728 2.683V16h3.92l-.673 3.667h-3.247v8.245C23.395 27.195 28 22.135 28 16Z\"><\/path><\/svg><\/span><\/a><a aria-label=\"Linkedin\" class=\"heateor_sss_button_linkedin\" href=\"https:\/\/www.linkedin.com\/sharing\/share-offsite\/?url=https%3A%2F%2Fwww.atricosmilano.com%2Fen%2Fwp-json%2Fwp%2Fv2%2Fproduct%2F12642\" title=\"Linkedin\" rel=\"nofollow noopener\" target=\"_blank\" style=\"font-size:32px!important;box-shadow:none;display:inline-block;vertical-align:middle\"><span class=\"heateor_sss_svg heateor_sss_s__default heateor_sss_s_linkedin\" style=\"background-color:#0077b5;width:40px;height:40px;margin:0;display:inline-block;opacity:1;float:left;font-size:32px;box-shadow:none;display:inline-block;font-size:16px;padding:0 4px;vertical-align:middle;background-repeat:repeat;overflow:hidden;padding:0;cursor:pointer;box-sizing:content-box\"><svg style=\"display:block;\" focusable=\"false\" aria-hidden=\"true\" xmlns=\"http:\/\/www.w3.org\/2000\/svg\" width=\"100%\" height=\"100%\" viewBox=\"0 0 32 32\"><path d=\"M6.227 12.61h4.19v13.48h-4.19V12.61zm2.095-6.7a2.43 2.43 0 0 1 0 4.86c-1.344 0-2.428-1.09-2.428-2.43s1.084-2.43 2.428-2.43m4.72 6.7h4.02v1.84h.058c.56-1.058 1.927-2.176 3.965-2.176 4.238 0 5.02 2.792 5.02 6.42v7.395h-4.183v-6.56c0-1.564-.03-3.574-2.178-3.574-2.18 0-2.514 1.7-2.514 3.46v6.668h-4.187V12.61z\" fill=\"#fff\"><\/path><\/svg><\/span><\/a><a aria-label=\"Whatsapp\" class=\"heateor_sss_whatsapp\" href=\"https:\/\/api.whatsapp.com\/send?text=Atricos%20Milano%20%E2%9D%A4%EF%B8%8F%20Prodotti%20per%20capelli%20professionali%20-%20Prodotti%20per%20capelli%20professionali%20https%3A%2F%2Fwww.atricosmilano.com%2Fen%2Fwp-json%2Fwp%2Fv2%2Fproduct%2F12642\" title=\"Whatsapp\" rel=\"nofollow noopener\" target=\"_blank\" style=\"font-size:32px!important;box-shadow:none;display:inline-block;vertical-align:middle\"><span class=\"heateor_sss_svg\" style=\"background-color:#55eb4c;width:40px;height:40px;margin:0;display:inline-block;opacity:1;float:left;font-size:32px;box-shadow:none;display:inline-block;font-size:16px;padding:0 4px;vertical-align:middle;background-repeat:repeat;overflow:hidden;padding:0;cursor:pointer;box-sizing:content-box\"><svg style=\"display:block;\" focusable=\"false\" aria-hidden=\"true\" xmlns=\"http:\/\/www.w3.org\/2000\/svg\" width=\"100%\" height=\"100%\" viewBox=\"-6 -5 40 40\"><path class=\"heateor_sss_svg_stroke heateor_sss_no_fill\" stroke=\"#fff\" stroke-width=\"2\" fill=\"none\" d=\"M 11.579798566743314 24.396926207859085 A 10 10 0 1 0 6.808479557110079 20.73576436351046\"><\/path><path d=\"M 7 19 l -1 6 l 6 -1\" class=\"heateor_sss_no_fill heateor_sss_svg_stroke\" stroke=\"#fff\" stroke-width=\"2\" fill=\"none\"><\/path><path d=\"M 10 10 q -1 8 8 11 c 5 -1 0 -6 -1 -3 q -4 -3 -5 -5 c 4 -2 -1 -5 -1 -4\" fill=\"#fff\"><\/path><\/svg><\/span><\/a><a aria-label=\"Instagram\" class=\"heateor_sss_button_instagram\" href=\"https:\/\/www.instagram.com\/\" title=\"Instagram\" rel=\"nofollow noopener\" target=\"_blank\" style=\"font-size:32px!important;box-shadow:none;display:inline-block;vertical-align:middle\"><span class=\"heateor_sss_svg\" style=\"background-color:#53beee;width:40px;height:40px;margin:0;display:inline-block;opacity:1;float:left;font-size:32px;box-shadow:none;display:inline-block;font-size:16px;padding:0 4px;vertical-align:middle;background-repeat:repeat;overflow:hidden;padding:0;cursor:pointer;box-sizing:content-box\"><svg style=\"display:block;\" version=\"1.1\" viewBox=\"-10 -10 148 148\" width=\"100%\" height=\"100%\" xml:space=\"preserve\" xmlns=\"http:\/\/www.w3.org\/2000\/svg\" xmlns:xlink=\"http:\/\/www.w3.org\/1999\/xlink\"><g><g><path d=\"M86,112H42c-14.336,0-26-11.663-26-26V42c0-14.337,11.664-26,26-26h44c14.337,0,26,11.663,26,26v44 C112,100.337,100.337,112,86,112z M42,24c-9.925,0-18,8.074-18,18v44c0,9.925,8.075,18,18,18h44c9.926,0,18-8.075,18-18V42 c0-9.926-8.074-18-18-18H42z\" fill=\"#fff\"><\/path><\/g><g><path d=\"M64,88c-13.234,0-24-10.767-24-24c0-13.234,10.766-24,24-24s24,10.766,24,24C88,77.233,77.234,88,64,88z M64,48c-8.822,0-16,7.178-16,16s7.178,16,16,16c8.822,0,16-7.178,16-16S72.822,48,64,48z\" fill=\"#fff\"><\/path><\/g><g><circle cx=\"89.5\" cy=\"38.5\" fill=\"#fff\" r=\"5.5\"><\/circle><\/g><\/g><\/svg><\/span><\/a><\/div><div class=\"heateorSssClear\"><\/div><\/div>","protected":false},"featured_media":12693,"comment_status":"open","ping_status":"closed","template":"","meta":{"_et_pb_use_builder":"on","_et_pb_old_content":"<strong>Yummy Cream<\/strong>, parte della linea DELIGHTS, \u00e8 una morbida e bianca crema appositamente studiata, \u00e8 possibile miscelare i pigmenti consentendo di schiarire le tonalit\u00e0 e raggiungendo cos\u00ec effetti sempre diversi e personalizzati. Cos\u00ec come il pasticciere unisce gli ingredienti giusti per realizzare un invitante dessert, cos\u00ec anche l\u2019hair stylist pu\u00f2 trovare la sua ricetta \u201cby Atricos\u201d per creare colorazioni strepitose.\r\n\r\n<strong>MODO D\u2019USO<\/strong>:\r\nmunirsi di guanti, ciotola e pennello. In base al capello, inserire dal 20 al 90 % di crema in una quantit\u00e0 di pigmenti della linea Delights, fino a ottenere il tono desiderato. Miscelare bene a applicare sui capelli. Lasciare in posa 20 minuti e risciacquare solo con acqua.","_et_gb_content_width":""},"product_brand":[],"product_cat":[165,162,238,182],"product_tag":[240,239,245],"class_list":{"0":"post-12642","1":"product","2":"type-product","3":"status-publish","4":"has-post-thumbnail","6":"product_cat-blond-bleached-hair","7":"product_cat-coloured-hair","8":"product_cat-delights-en","9":"product_cat-dull-hair","10":"product_tag-150-ml-en","11":"product_tag-milk-proteins-en","12":"product_tag-milk-proteins-en-2","14":"first","15":"instock","16":"shipping-taxable","17":"purchasable","18":"product-type-simple"},"yoast_head":"<!-- This site is optimized with the Yoast SEO plugin v27.3 - https:\/\/yoast.com\/product\/yoast-seo-wordpress\/ -->\n<title>Direct Color Yummy Cream - Atricos Milano \u2764\ufe0f Prodotti per capelli professionali<\/title>\n<meta name=\"description\" content=\"Ammonia-free and ready-to-use gel. Versatile and shiny colors. The Delights line includes 12 shades that can be mixed together to create new colors.\" \/>\n<meta name=\"robots\" content=\"index, follow, max-snippet:-1, max-image-preview:large, max-video-preview:-1\" \/>\n<link rel=\"canonical\" href=\"https:\/\/www.atricosmilano.com\/en\/prodotto\/stylish-hair-colors-copia-copia\/\" \/>\n<meta property=\"og:locale\" content=\"en_US\" \/>\n<meta property=\"og:type\" content=\"article\" \/>\n<meta property=\"og:title\" content=\"Direct Color Yummy Cream - Atricos Milano \u2764\ufe0f Prodotti per capelli professionali\" \/>\n<meta property=\"og:description\" content=\"Ammonia-free and ready-to-use gel. Versatile and shiny colors. The Delights line includes 12 shades that can be mixed together to create new colors.\" \/>\n<meta property=\"og:url\" content=\"https:\/\/www.atricosmilano.com\/en\/prodotto\/stylish-hair-colors-copia-copia\/\" \/>\n<meta property=\"og:site_name\" content=\"Atricos Milano \u2764\ufe0f Prodotti per capelli professionali\" \/>\n<meta property=\"article:modified_time\" content=\"2025-08-06T10:48:50+00:00\" \/>\n<meta property=\"og:image\" content=\"https:\/\/www.atricosmilano.com\/wp-content\/uploads\/2025\/06\/Atricos_Direct_Yummy_Cream.webp\" \/>\n\t<meta property=\"og:image:width\" content=\"900\" \/>\n\t<meta property=\"og:image:height\" content=\"900\" \/>\n\t<meta property=\"og:image:type\" content=\"image\/webp\" \/>\n<meta name=\"twitter:card\" content=\"summary_large_image\" \/>\n<meta name=\"twitter:label1\" content=\"Est. reading time\" \/>\n\t<meta name=\"twitter:data1\" content=\"3 minutes\" \/>\n<script type=\"application\/ld+json\" class=\"yoast-schema-graph\">{\"@context\":\"https:\\\/\\\/schema.org\",\"@graph\":[{\"@type\":\"WebPage\",\"@id\":\"https:\\\/\\\/www.atricosmilano.com\\\/en\\\/prodotto\\\/stylish-hair-colors-copia-copia\\\/\",\"url\":\"https:\\\/\\\/www.atricosmilano.com\\\/en\\\/prodotto\\\/stylish-hair-colors-copia-copia\\\/\",\"name\":\"Direct Color Yummy Cream - Atricos Milano \u2764\ufe0f Prodotti per capelli professionali\",\"isPartOf\":{\"@id\":\"https:\\\/\\\/www.atricosmilano.com\\\/en\\\/#website\"},\"primaryImageOfPage\":{\"@id\":\"https:\\\/\\\/www.atricosmilano.com\\\/en\\\/prodotto\\\/stylish-hair-colors-copia-copia\\\/#primaryimage\"},\"image\":{\"@id\":\"https:\\\/\\\/www.atricosmilano.com\\\/en\\\/prodotto\\\/stylish-hair-colors-copia-copia\\\/#primaryimage\"},\"thumbnailUrl\":\"https:\\\/\\\/www.atricosmilano.com\\\/wp-content\\\/uploads\\\/2025\\\/06\\\/Atricos_Direct_Yummy_Cream.webp\",\"datePublished\":\"2025-06-03T11:24:56+00:00\",\"dateModified\":\"2025-08-06T10:48:50+00:00\",\"description\":\"Ammonia-free and ready-to-use gel. Versatile and shiny colors. The Delights line includes 12 shades that can be mixed together to create new colors.\",\"breadcrumb\":{\"@id\":\"https:\\\/\\\/www.atricosmilano.com\\\/en\\\/prodotto\\\/stylish-hair-colors-copia-copia\\\/#breadcrumb\"},\"inLanguage\":\"en-US\",\"potentialAction\":[{\"@type\":\"ReadAction\",\"target\":[\"https:\\\/\\\/www.atricosmilano.com\\\/en\\\/prodotto\\\/stylish-hair-colors-copia-copia\\\/\"]}]},{\"@type\":\"ImageObject\",\"inLanguage\":\"en-US\",\"@id\":\"https:\\\/\\\/www.atricosmilano.com\\\/en\\\/prodotto\\\/stylish-hair-colors-copia-copia\\\/#primaryimage\",\"url\":\"https:\\\/\\\/www.atricosmilano.com\\\/wp-content\\\/uploads\\\/2025\\\/06\\\/Atricos_Direct_Yummy_Cream.webp\",\"contentUrl\":\"https:\\\/\\\/www.atricosmilano.com\\\/wp-content\\\/uploads\\\/2025\\\/06\\\/Atricos_Direct_Yummy_Cream.webp\",\"width\":900,\"height\":900,\"caption\":\"Atricos Direct Yummy Cream\"},{\"@type\":\"BreadcrumbList\",\"@id\":\"https:\\\/\\\/www.atricosmilano.com\\\/en\\\/prodotto\\\/stylish-hair-colors-copia-copia\\\/#breadcrumb\",\"itemListElement\":[{\"@type\":\"ListItem\",\"position\":1,\"name\":\"Home\",\"item\":\"https:\\\/\\\/www.atricosmilano.com\\\/en\\\/\"},{\"@type\":\"ListItem\",\"position\":2,\"name\":\"Shop\",\"item\":\"https:\\\/\\\/www.atricosmilano.com\\\/en\\\/shop\\\/\"},{\"@type\":\"ListItem\",\"position\":3,\"name\":\"Direct Color Yummy Cream\"}]},{\"@type\":\"WebSite\",\"@id\":\"https:\\\/\\\/www.atricosmilano.com\\\/en\\\/#website\",\"url\":\"https:\\\/\\\/www.atricosmilano.com\\\/en\\\/\",\"name\":\"Atricos Milano \u2764\ufe0f Prodotti per capelli professionali\",\"description\":\"Prodotti per capelli professionali\",\"publisher\":{\"@id\":\"https:\\\/\\\/www.atricosmilano.com\\\/en\\\/#organization\"},\"potentialAction\":[{\"@type\":\"SearchAction\",\"target\":{\"@type\":\"EntryPoint\",\"urlTemplate\":\"https:\\\/\\\/www.atricosmilano.com\\\/en\\\/?s={search_term_string}\"},\"query-input\":{\"@type\":\"PropertyValueSpecification\",\"valueRequired\":true,\"valueName\":\"search_term_string\"}}],\"inLanguage\":\"en-US\"},{\"@type\":\"Organization\",\"@id\":\"https:\\\/\\\/www.atricosmilano.com\\\/en\\\/#organization\",\"name\":\"Atricos Milano \u2764\ufe0f Fabbrica prodotti per parrucchieri, tinture, shampoo, decoloranti, gel, balsami, lozioni\",\"url\":\"https:\\\/\\\/www.atricosmilano.com\\\/en\\\/\",\"logo\":{\"@type\":\"ImageObject\",\"inLanguage\":\"en-US\",\"@id\":\"https:\\\/\\\/www.atricosmilano.com\\\/en\\\/#\\\/schema\\\/logo\\\/image\\\/\",\"url\":\"https:\\\/\\\/www.atricosmilano.com\\\/wp-content\\\/uploads\\\/2023\\\/02\\\/logo.webp\",\"contentUrl\":\"https:\\\/\\\/www.atricosmilano.com\\\/wp-content\\\/uploads\\\/2023\\\/02\\\/logo.webp\",\"width\":433,\"height\":100,\"caption\":\"Atricos Milano \u2764\ufe0f Fabbrica prodotti per parrucchieri, tinture, shampoo, decoloranti, gel, balsami, lozioni\"},\"image\":{\"@id\":\"https:\\\/\\\/www.atricosmilano.com\\\/en\\\/#\\\/schema\\\/logo\\\/image\\\/\"}}]}<\/script>\n<!-- \/ Yoast SEO plugin. -->","yoast_head_json":{"title":"Direct Color Yummy Cream - Atricos Milano \u2764\ufe0f Prodotti per capelli professionali","description":"Ammonia-free and ready-to-use gel. Versatile and shiny colors. The Delights line includes 12 shades that can be mixed together to create new colors.","robots":{"index":"index","follow":"follow","max-snippet":"max-snippet:-1","max-image-preview":"max-image-preview:large","max-video-preview":"max-video-preview:-1"},"canonical":"https:\/\/www.atricosmilano.com\/en\/prodotto\/stylish-hair-colors-copia-copia\/","og_locale":"en_US","og_type":"article","og_title":"Direct Color Yummy Cream - Atricos Milano \u2764\ufe0f Prodotti per capelli professionali","og_description":"Ammonia-free and ready-to-use gel. Versatile and shiny colors. The Delights line includes 12 shades that can be mixed together to create new colors.","og_url":"https:\/\/www.atricosmilano.com\/en\/prodotto\/stylish-hair-colors-copia-copia\/","og_site_name":"Atricos Milano \u2764\ufe0f Prodotti per capelli professionali","article_modified_time":"2025-08-06T10:48:50+00:00","og_image":[{"width":900,"height":900,"url":"https:\/\/www.atricosmilano.com\/wp-content\/uploads\/2025\/06\/Atricos_Direct_Yummy_Cream.webp","type":"image\/webp"}],"twitter_card":"summary_large_image","twitter_misc":{"Est. reading time":"3 minutes"},"schema":{"@context":"https:\/\/schema.org","@graph":[{"@type":"WebPage","@id":"https:\/\/www.atricosmilano.com\/en\/prodotto\/stylish-hair-colors-copia-copia\/","url":"https:\/\/www.atricosmilano.com\/en\/prodotto\/stylish-hair-colors-copia-copia\/","name":"Direct Color Yummy Cream - Atricos Milano \u2764\ufe0f Prodotti per capelli professionali","isPartOf":{"@id":"https:\/\/www.atricosmilano.com\/en\/#website"},"primaryImageOfPage":{"@id":"https:\/\/www.atricosmilano.com\/en\/prodotto\/stylish-hair-colors-copia-copia\/#primaryimage"},"image":{"@id":"https:\/\/www.atricosmilano.com\/en\/prodotto\/stylish-hair-colors-copia-copia\/#primaryimage"},"thumbnailUrl":"https:\/\/www.atricosmilano.com\/wp-content\/uploads\/2025\/06\/Atricos_Direct_Yummy_Cream.webp","datePublished":"2025-06-03T11:24:56+00:00","dateModified":"2025-08-06T10:48:50+00:00","description":"Ammonia-free and ready-to-use gel. Versatile and shiny colors. The Delights line includes 12 shades that can be mixed together to create new colors.","breadcrumb":{"@id":"https:\/\/www.atricosmilano.com\/en\/prodotto\/stylish-hair-colors-copia-copia\/#breadcrumb"},"inLanguage":"en-US","potentialAction":[{"@type":"ReadAction","target":["https:\/\/www.atricosmilano.com\/en\/prodotto\/stylish-hair-colors-copia-copia\/"]}]},{"@type":"ImageObject","inLanguage":"en-US","@id":"https:\/\/www.atricosmilano.com\/en\/prodotto\/stylish-hair-colors-copia-copia\/#primaryimage","url":"https:\/\/www.atricosmilano.com\/wp-content\/uploads\/2025\/06\/Atricos_Direct_Yummy_Cream.webp","contentUrl":"https:\/\/www.atricosmilano.com\/wp-content\/uploads\/2025\/06\/Atricos_Direct_Yummy_Cream.webp","width":900,"height":900,"caption":"Atricos Direct Yummy Cream"},{"@type":"BreadcrumbList","@id":"https:\/\/www.atricosmilano.com\/en\/prodotto\/stylish-hair-colors-copia-copia\/#breadcrumb","itemListElement":[{"@type":"ListItem","position":1,"name":"Home","item":"https:\/\/www.atricosmilano.com\/en\/"},{"@type":"ListItem","position":2,"name":"Shop","item":"https:\/\/www.atricosmilano.com\/en\/shop\/"},{"@type":"ListItem","position":3,"name":"Direct Color Yummy Cream"}]},{"@type":"WebSite","@id":"https:\/\/www.atricosmilano.com\/en\/#website","url":"https:\/\/www.atricosmilano.com\/en\/","name":"Atricos Milano \u2764\ufe0f Prodotti per capelli professionali","description":"Prodotti per capelli professionali","publisher":{"@id":"https:\/\/www.atricosmilano.com\/en\/#organization"},"potentialAction":[{"@type":"SearchAction","target":{"@type":"EntryPoint","urlTemplate":"https:\/\/www.atricosmilano.com\/en\/?s={search_term_string}"},"query-input":{"@type":"PropertyValueSpecification","valueRequired":true,"valueName":"search_term_string"}}],"inLanguage":"en-US"},{"@type":"Organization","@id":"https:\/\/www.atricosmilano.com\/en\/#organization","name":"Atricos Milano \u2764\ufe0f Fabbrica prodotti per parrucchieri, tinture, shampoo, decoloranti, gel, balsami, lozioni","url":"https:\/\/www.atricosmilano.com\/en\/","logo":{"@type":"ImageObject","inLanguage":"en-US","@id":"https:\/\/www.atricosmilano.com\/en\/#\/schema\/logo\/image\/","url":"https:\/\/www.atricosmilano.com\/wp-content\/uploads\/2023\/02\/logo.webp","contentUrl":"https:\/\/www.atricosmilano.com\/wp-content\/uploads\/2023\/02\/logo.webp","width":433,"height":100,"caption":"Atricos Milano \u2764\ufe0f Fabbrica prodotti per parrucchieri, tinture, shampoo, decoloranti, gel, balsami, lozioni"},"image":{"@id":"https:\/\/www.atricosmilano.com\/en\/#\/schema\/logo\/image\/"}}]}},"_links":{"self":[{"href":"https:\/\/www.atricosmilano.com\/en\/wp-json\/wp\/v2\/product\/12642","targetHints":{"allow":["GET"]}}],"collection":[{"href":"https:\/\/www.atricosmilano.com\/en\/wp-json\/wp\/v2\/product"}],"about":[{"href":"https:\/\/www.atricosmilano.com\/en\/wp-json\/wp\/v2\/types\/product"}],"replies":[{"embeddable":true,"href":"https:\/\/www.atricosmilano.com\/en\/wp-json\/wp\/v2\/comments?post=12642"}],"wp:featuredmedia":[{"embeddable":true,"href":"https:\/\/www.atricosmilano.com\/en\/wp-json\/wp\/v2\/media\/12693"}],"wp:attachment":[{"href":"https:\/\/www.atricosmilano.com\/en\/wp-json\/wp\/v2\/media?parent=12642"}],"wp:term":[{"taxonomy":"product_brand","embeddable":true,"href":"https:\/\/www.atricosmilano.com\/en\/wp-json\/wp\/v2\/product_brand?post=12642"},{"taxonomy":"product_cat","embeddable":true,"href":"https:\/\/www.atricosmilano.com\/en\/wp-json\/wp\/v2\/product_cat?post=12642"},{"taxonomy":"product_tag","embeddable":true,"href":"https:\/\/www.atricosmilano.com\/en\/wp-json\/wp\/v2\/product_tag?post=12642"}],"curies":[{"name":"wp","href":"https:\/\/api.w.org\/{rel}","templated":true}]}}